{"id":1098,"date":"2023-11-22T14:13:21","date_gmt":"2023-11-22T14:13:21","guid":{"rendered":"https:\/\/www.siegmartest.de\/gekon\/?page_id=1098"},"modified":"2023-12-13T19:09:11","modified_gmt":"2023-12-13T19:09:11","slug":"auf-wiedersehen","status":"publish","type":"page","link":"https:\/\/gekon-online.de\/pl\/auf-wiedersehen\/","title":{"rendered":"Auf Wiedersehen!"},"content":{"rendered":"<div data-elementor-type=\"wp-page\" data-elementor-id=\"1098\" class=\"elementor elementor-1098\" data-elementor-post-type=\"page\">\n\t\t\t\t<div class=\"elementor-element elementor-element-aa4ea0a e-flex e-con-boxed e-con e-parent\" data-id=\"aa4ea0a\" data-element_type=\"container\" data-e-type=\"container\">\n\t\t\t\t\t<div class=\"e-con-inner\">\n\t\t\t\t<div class=\"elementor-element elementor-element-ef06b75 elementor-widget elementor-widget-heading\" data-id=\"ef06b75\" data-element_type=\"widget\" data-e-type=\"widget\" data-widget_type=\"heading.default\">\n\t\t\t\t<div class=\"elementor-widget-container\">\n\t\t\t\t\t<h2 class=\"elementor-heading-title elementor-size-default\">Danke f\u00fcr die Erfassung Ihrer Neukunden!<\/h2>\t\t\t\t<\/div>\n\t\t\t\t<\/div>\n\t\t\t\t<div class=\"elementor-element elementor-element-7fc0cfe elementor-widget elementor-widget-text-editor\" data-id=\"7fc0cfe\" data-element_type=\"widget\" data-e-type=\"widget\" data-widget_type=\"text-editor.default\">\n\t\t\t\t<div class=\"elementor-widget-container\">\n\t\t\t\t\t\t\t\t\t<p>Sie k\u00f6nnen den Browser an dieser Stelle schliessen!<\/p><p>Auf Wiedersehen bis zum n\u00e4chsten Mal!<\/p><p>Wenn Sie weitere Kunden erfassen m\u00f6chten, klicken Sie bitte hier:<\/p>\t\t\t\t\t\t\t\t<\/div>\n\t\t\t\t<\/div>\n\t\t\t\t<div class=\"elementor-element elementor-element-3ab49b7 elementor-align-center elementor-widget elementor-widget-button\" data-id=\"3ab49b7\" data-element_type=\"widget\" data-e-type=\"widget\" data-widget_type=\"button.default\">\n\t\t\t\t<div class=\"elementor-widget-container\">\n\t\t\t\t\t\t\t\t\t<div class=\"elementor-button-wrapper\">\n\t\t\t\t\t<a class=\"elementor-button elementor-button-link elementor-size-sm\" href=\"https:\/\/gekon-online.de\/pl\/eingabeformular\/\">\n\t\t\t\t\t\t<span class=\"elementor-button-content-wrapper\">\n\t\t\t\t\t\t\t\t\t<span class=\"elementor-button-text\">Weiteren  Kunden erfassen!<\/span>\n\t\t\t\t\t<\/span>\n\t\t\t\t\t<\/a>\n\t\t\t\t<\/div>\n\t\t\t\t\t\t\t\t<\/div>\n\t\t\t\t<\/div>\n\t\t\t\t<div class=\"elementor-element elementor-element-eaaf751 elementor-widget elementor-widget-image\" data-id=\"eaaf751\" data-element_type=\"widget\" data-e-type=\"widget\" data-widget_type=\"image.default\">\n\t\t\t\t<div class=\"elementor-widget-container\">\n\t\t\t\t\t\t\t\t\t\t\t\t\t\t\t<img fetchpriority=\"high\" decoding=\"async\" width=\"300\" height=\"169\" src=\"https:\/\/gekon-online.de\/wp-content\/uploads\/2023\/11\/05af2538f8329fb260087afe0a911eda-175x99.png\" class=\"attachment-medium size-medium wp-image-6\" alt=\"\" srcset=\"https:\/\/gekon-online.de\/wp-content\/uploads\/2023\/11\/05af2538f8329fb260087afe0a911eda-300x169.png 300w, https:\/\/gekon-online.de\/wp-content\/uploads\/2023\/11\/05af2538f8329fb260087afe0a911eda-1024x577.png 1024w, https:\/\/gekon-online.de\/wp-content\/uploads\/2023\/11\/05af2538f8329fb260087afe0a911eda-768x433.png 768w, https:\/\/gekon-online.de\/wp-content\/uploads\/2023\/11\/05af2538f8329fb260087afe0a911eda-1536x865.png 1536w, https:\/\/gekon-online.de\/wp-content\/uploads\/2023\/11\/05af2538f8329fb260087afe0a911eda-18x10.png 18w, https:\/\/gekon-online.de\/wp-content\/uploads\/2023\/11\/05af2538f8329fb260087afe0a911eda-175x99.png 175w, https:\/\/gekon-online.de\/wp-content\/uploads\/2023\/11\/05af2538f8329fb260087afe0a911eda.png 1640w\" sizes=\"(max-width: 300px) 100vw, 300px\" \/>\t\t\t\t\t\t\t\t\t\t\t\t\t\t\t<\/div>\n\t\t\t\t<\/div>\n\t\t\t\t\t<\/div>\n\t\t\t\t<\/div>\n\t\t\t\t<\/div>","protected":false},"excerpt":{"rendered":"<p>Danke f\u00fcr die Erfassung Ihrer Neukunden! Sie k\u00f6nnen den Browser an dieser Stelle schliessen! Auf Wiedersehen bis zum n\u00e4chsten Mal! Wenn Sie weitere Kunden erfassen m\u00f6chten, klicken Sie bitte hier: Weiteren Kunden erfassen!<\/p>","protected":false},"author":1,"featured_media":0,"parent":0,"menu_order":0,"comment_status":"closed","ping_status":"closed","template":"","meta":{"_acf_changed":false,"site-sidebar-layout":"no-sidebar","site-content-layout":"page-builder","ast-site-content-layout":"full-width-container","site-content-style":"default","site-sidebar-style":"default","ast-global-header-display":"","ast-banner-title-visibility":"","ast-main-header-display":"","ast-hfb-above-header-display":"","ast-hfb-below-header-display":"","ast-hfb-mobile-header-display":"","site-post-title":"disabled","ast-breadcrumbs-content":"","ast-featured-img":"disabled","footer-sml-layout":"","ast-disable-related-posts":"","theme-transparent-header-meta":"","adv-header-id-meta":"","stick-header-meta":"","header-above-stick-meta":"","header-main-stick-meta":"","header-below-stick-meta":"","astra-migrate-meta-layouts":"set","ast-page-background-enabled":"default","ast-page-background-meta":{"desktop":{"background-color":"","background-image":"","background-repeat":"repeat","background-position":"center center","background-size":"auto","background-attachment":"scroll","background-type":"","background-media":"","overlay-type":"","overlay-color":"","overlay-opacity":"","overlay-gradient":""},"tablet":{"background-color":"","background-image":"","background-repeat":"repeat","background-position":"center center","background-size":"auto","background-attachment":"scroll","background-type":"","background-media":"","overlay-type":"","overlay-color":"","overlay-opacity":"","overlay-gradient":""},"mobile":{"background-color":"","background-image":"","background-repeat":"repeat","background-position":"center center","background-size":"auto","background-attachment":"scroll","background-type":"","background-media":"","overlay-type":"","overlay-color":"","overlay-opacity":"","overlay-gradient":""}},"ast-content-background-meta":{"desktop":{"background-color":"var(--ast-global-color-5)","background-image":"","background-repeat":"repeat","background-position":"center center","background-size":"auto","background-attachment":"scroll","background-type":"","background-media":"","overlay-type":"","overlay-color":"","overlay-opacity":"","overlay-gradient":""},"tablet":{"background-color":"var(--ast-global-color-5)","background-image":"","background-repeat":"repeat","background-position":"center center","background-size":"auto","background-attachment":"scroll","background-type":"","background-media":"","overlay-type":"","overlay-color":"","overlay-opacity":"","overlay-gradient":""},"mobile":{"background-color":"var(--ast-global-color-5)","background-image":"","background-repeat":"repeat","background-position":"center center","background-size":"auto","background-attachment":"scroll","background-type":"","background-media":"","overlay-type":"","overlay-color":"","overlay-opacity":"","overlay-gradient":""}},"footnotes":""},"class_list":["post-1098","page","type-page","status-publish","hentry"],"acf":[],"_links":{"self":[{"href":"https:\/\/gekon-online.de\/pl\/wp-json\/wp\/v2\/pages\/1098","targetHints":{"allow":["GET"]}}],"collection":[{"href":"https:\/\/gekon-online.de\/pl\/wp-json\/wp\/v2\/pages"}],"about":[{"href":"https:\/\/gekon-online.de\/pl\/wp-json\/wp\/v2\/types\/page"}],"author":[{"embeddable":true,"href":"https:\/\/gekon-online.de\/pl\/wp-json\/wp\/v2\/users\/1"}],"replies":[{"embeddable":true,"href":"https:\/\/gekon-online.de\/pl\/wp-json\/wp\/v2\/comments?post=1098"}],"version-history":[{"count":13,"href":"https:\/\/gekon-online.de\/pl\/wp-json\/wp\/v2\/pages\/1098\/revisions"}],"predecessor-version":[{"id":1994,"href":"https:\/\/gekon-online.de\/pl\/wp-json\/wp\/v2\/pages\/1098\/revisions\/1994"}],"wp:attachment":[{"href":"https:\/\/gekon-online.de\/pl\/wp-json\/wp\/v2\/media?parent=1098"}],"curies":[{"name":"wp","href":"https:\/\/api.w.org\/{rel}","templated":true}]}}